{"id":1601,"date":"2019-04-01T10:20:28","date_gmt":"2019-04-01T10:20:28","guid":{"rendered":"http:\/\/avantage.bold-themes.com\/business\/?page_id=1601"},"modified":"2024-11-07T08:40:51","modified_gmt":"2024-11-07T08:40:51","slug":"contact","status":"publish","type":"page","link":"https:\/\/giasxps.ro\/sr\/contact\/","title":{"rendered":"Kontakt"},"content":{"rendered":"<p><section id=\"bt_bb_section6a021b1aac646\" class=\"bt_bb_section bt_bb_layout_boxed_1200 bt_bb_vertical_align_top bt_bb_top_spacing_large\"  data-bt-override-class=\"null\"><div class=\"bt_bb_port\"><div class=\"bt_bb_cell\"><div class=\"bt_bb_cell_inner\"><div class=\"bt_bb_row\"  data-bt-override-class=\"{}\"><div class=\"bt_bb_row_holder\" ><div  class=\"bt_bb_column col-xl-6 bt_bb_align_left bt_bb_vertical_align_top bt_bb_animation_fade_in animate bt_bb_padding_normal\"  data-width=\"6\" data-bt-override-class=\"{}\"><div class=\"bt_bb_column_content\"><header class=\"bt_bb_headline bt_bb_font_weight_900 bt_bb_dash_top bt_bb_superheadline bt_bb_subheadline bt_bb_size_extralarge bt_bb_align_inherit\" data-bt-override-class=\"{&quot;bt_bb_size_&quot;:{&quot;current_class&quot;:&quot;bt_bb_size_extralarge&quot;,&quot;def&quot;:&quot;extralarge&quot;,&quot;xl&quot;:&quot;extralarge&quot;},&quot;bt_bb_align_&quot;:{&quot;current_class&quot;:&quot;bt_bb_align_inherit&quot;,&quot;def&quot;:&quot;inherit&quot;,&quot;xl&quot;:&quot;inherit&quot;}}\"><h2 class=\"bt_bb_headline_tag\"><span class=\"bt_bb_headline_superheadline\">Gde nas mo\u017eete nac\u0301i<\/span><span class=\"bt_bb_headline_content\"><span><b>Kontakt<\/b> <u>GIASXPS<\/u><\/span><\/span><\/h2><div class=\"bt_bb_headline_subheadline\">Za sve informacije o na\u0161oj kompaniji, uslugama ili proizvodima, stojimo vam na raspolaganju. Popunite obrazac za kontakt sa svojim pitanjima ili predlozima ili pristupite pojedina\u010dnim kontakt stranicama da biste stupili u kontakt sa jednim od na\u0161ih predstavnika u va\u0161em okrugu!<\/div><\/header><div class=\"bt_bb_separator bt_bb_border_style_none bt_bb_top_spacing_small bt_bb_bottom_spacing_medium\" data-bt-override-class=\"null\"><\/div><\/div><\/div><div  class=\"bt_bb_column col-xl-6 bt_bb_align_left bt_bb_vertical_align_top bt_bb_animation_fade_in move_up animate bt_bb_padding_normal\"  data-width=\"6\" data-bt-override-class=\"{}\"><div class=\"bt_bb_column_content\"><div class=\"bt_bb_separator bt_bb_border_style_none bt_bb_bottom_spacing_extra_small\" data-bt-override-class=\"null\"><\/div><div class=\"bt_bb_row_inner\"   data-bt-override-class=\"{}\"><div class=\"bt_bb_row_inner_holder\"  ><div  class=\"bt_bb_column_inner col-xl-4 bt_bb_align_center bt_bb_vertical_align_top bt_bb_padding_normal\"  data-width=\"4\" data-bt-override-class=\"{}\"><div class=\"bt_bb_column_inner_content\"><div class=\"bt_bb_service bt_bb_color_scheme_5 bt_bb_style_filled bt_bb_shape_circle bt_bb_size_large bt_bb_align_inherit bt_bb_font_weight_normal bt_bb_vertical_align_top\" style=\"; --service-primary-color:#191919; --service-secondary-color:#ff4747;\" data-bt-override-class=\"null\"><a href=\"https:\/\/www.google.com\/maps\/dir\/\/ 44.519575 , 26.180990\"  target=\"_blank\"  title=\"jud. Ilfov\"  data-ico-economy=\"&#xe92f;\" class=\"bt_bb_icon_holder\"><\/a><div class=\"bt_bb_service_content\"><div class=\"bt_bb_service_content_title\"><a href=\"https:\/\/www.google.com\/maps\/dir\/\/%2044.519575%20,%2026.180990\" target=\"_blank\">jud. Ilfov<\/a><\/div><div class=\"bt_bb_service_content_text\">Sos. de Centura nr 6,<br \/><br \/>\nStefanestii de Jos<\/div><\/div><\/div><div class=\"bt_bb_separator bt_bb_border_style_none bt_bb_bottom_spacing_normal\" data-bt-override-class=\"null\"><\/div><\/div><\/div><div  class=\"bt_bb_column_inner col-xl-4 bt_bb_align_center bt_bb_vertical_align_top bt_bb_padding_normal\"  data-width=\"4\" data-bt-override-class=\"{}\"><div class=\"bt_bb_column_inner_content\"><div data-bb-version=\"4.9.1\" class=\"bt_bb_service bt_bb_color_scheme_5 bt_bb_style_filled bt_bb_shape_circle bt_bb_size_large bt_bb_align_inherit bt_bb_font_weight_normal bt_bb_vertical_align_top\" style=\"; --service-primary-color:#191919; --service-secondary-color:#ff4747;\" data-bt-override-class=\"{&quot;bt_bb_size_&quot;:{&quot;current_class&quot;:&quot;bt_bb_size_large&quot;,&quot;def&quot;:&quot;large&quot;},&quot;bt_bb_align_&quot;:{&quot;current_class&quot;:&quot;bt_bb_align_inherit&quot;,&quot;def&quot;:&quot;inherit&quot;}}\"><a href=\"tel:+40740157747\"  target=\"_self\"  title=\"Pozovite Nas\"  data-ico-economy=\"&#xe91f;\" class=\"bt_bb_icon_holder\"><\/a><div class=\"bt_bb_service_content\"><div class=\"bt_bb_service_content_title\"><a href=\"tel:+40740157747\" target=\"_self\">Pozovite Nas<\/a><\/div><div class=\"bt_bb_service_content_text\">+40 740157747<\/div><\/div><\/div><div class=\"bt_bb_separator bt_bb_border_style_none bt_bb_bottom_spacing_normal\" data-bt-override-class=\"null\"><\/div><\/div><\/div><div  class=\"bt_bb_column_inner col-xl-4 bt_bb_align_center bt_bb_vertical_align_top bt_bb_padding_normal\"  data-width=\"4\" data-bt-override-class=\"{}\"><div class=\"bt_bb_column_inner_content\"><div class=\"bt_bb_service bt_bb_color_scheme_5 bt_bb_style_filled bt_bb_shape_circle bt_bb_size_large bt_bb_align_inherit bt_bb_font_weight_normal bt_bb_vertical_align_top\" style=\"; --service-primary-color:#191919; --service-secondary-color:#ff4747;\" data-bt-override-class=\"null\"><a href=\"mailto:cristi.boacana@brioxps.ro\"  target=\"_self\"  title=\"Po\u0161aljite nam e-po\u0161tu\"  data-ico-businesspeople=\"&#xe905;\" class=\"bt_bb_icon_holder\"><\/a><div class=\"bt_bb_service_content\"><div class=\"bt_bb_service_content_title\"><a href=\"mailto:cristi.boacana@brioxps.ro\" target=\"_self\">Po\u0161aljite nam e-po\u0161tu<\/a><\/div><div class=\"bt_bb_service_content_text\">cristi.boacana@brioxps.ro<\/div><\/div><\/div><div class=\"bt_bb_separator bt_bb_border_style_none bt_bb_bottom_spacing_normal\" data-bt-override-class=\"null\"><\/div><\/div><\/div><\/div><\/div><\/div><\/div><\/div><\/div><\/div><!-- cell_inner --><\/div><!-- cell --><\/div><!-- port --><\/section><section id=\"bt_bb_section6a021b1aacd30\" class=\"bt_bb_section bt_bb_layout_boxed_1200 bt_bb_vertical_align_top bt_bb_section_show_left_boxed_content\" style=\"box-shadow: 0 0 100px rgba(0,0,0,.07);\" data-bt-override-class=\"null\"><div class=\"bt_bb_port\"><div class=\"bt_bb_cell\"><div class=\"bt_bb_cell_inner\"><div class=\"bt_bb_row\"  data-bt-override-class=\"{}\"><div class=\"bt_bb_row_holder\" ><div  class=\"bt_bb_column col-xl-6 bt_bb_align_left bt_bb_vertical_align_middle bt_bb_animation_fade_in move_up animate bt_bb_padding_double\"  data-width=\"6\" data-bt-override-class=\"{}\"><div class=\"bt_bb_column_content\"><div class=\"bt_bb_floating_element bt_bb_floating_element_horizontal_position_left bt_bb_floating_element_vertical_position_top bt_bb_floating_element_animation_delay_default bt_bb_floating_element_animation_duration_default bt_bb_floating_element_animation_style_ease_out bt_bb_hidden_xs bt_bb_hidden_ms bt_bb_hidden_sm\" style=\"margin: -4em 0 0 5em;\" data-speed=\"1.0\"><div class=\"bt_bb_floating_element_html\" data-speed=\"1.0\"><span  style=\"width: 124px; height: 124px; border-radius: 50%; box-shadow: 0 1.25em 4.5em rgba(0,0,0,.1);background-color: rgba(255, 255, 255, 1);\"><\/span><\/div><\/div><div class=\"bt_bb_separator bt_bb_border_style_none bt_bb_bottom_spacing_normal\" data-bt-override-class=\"null\"><\/div><div  class=\"bt_bb_text\" ><\/p>\n<p>Popunite donji obrazac da biste nas kontaktirali. Imajte na umu da su obavezna polja ozna\u010dena zvezdicom.<\/p>\n<p>\n<\/div><div class=\"bt_bb_separator bt_bb_border_style_none bt_bb_bottom_spacing_normal\" data-bt-override-class=\"null\"><\/div><div class=\"bt_bb_contact_form_7\">\n<div class=\"wpcf7 no-js\" id=\"wpcf7-f1521-o1\" lang=\"en-US\" dir=\"ltr\" data-wpcf7-id=\"1521\">\n<div class=\"screen-reader-response\"><p role=\"status\" aria-live=\"polite\" aria-atomic=\"true\"><\/p> <ul><\/ul><\/div>\n<form action=\"\/sr\/wp-json\/wp\/v2\/pages\/1601#wpcf7-f1521-o1\" method=\"post\" class=\"wpcf7-form init\" aria-label=\"Contact form\" novalidate=\"novalidate\" data-status=\"init\" data-trp-original-action=\"\/sr\/wp-json\/wp\/v2\/pages\/1601#wpcf7-f1521-o1\">\n<fieldset class=\"hidden-fields-container\"><input type=\"hidden\" name=\"_wpcf7\" value=\"1521\" \/><input type=\"hidden\" name=\"_wpcf7_version\" value=\"6.1.5\" \/><input type=\"hidden\" name=\"_wpcf7_locale\" value=\"en_US\" \/><input type=\"hidden\" name=\"_wpcf7_unit_tag\" value=\"wpcf7-f1521-o1\" \/><input type=\"hidden\" name=\"_wpcf7_container_post\" value=\"0\" \/><input type=\"hidden\" name=\"_wpcf7_posted_data_hash\" value=\"\" \/>\n<\/fieldset>\n<div class=\"bt_bb_cf7_form bt_bb_cf7_larger_spacing bt_bb_alternate_submit\">\n\t<div class=\"bt_bb_cf7_row\">\n\t\t<div class=\"bt_bb_cf7_element\">\n\t\t\t<p><span class=\"wpcf7-form-control-wrap\" data-name=\"your-name\"><input size=\"40\" maxlength=\"400\" class=\"wpcf7-form-control wpcf7-text wpcf7-validates-as-required\" aria-required=\"true\" aria-invalid=\"false\" placeholder=\"Tvoje ime. *\" value=\"\" type=\"text\" name=\"your-name\" \/><\/span>\n\t\t\t<\/p>\n\t\t<\/div>\n\t<\/div>\n\t<div class=\"bt_bb_cf7_row\">\n\t\t<div class=\"bt_bb_cf7_element\">\n\t\t\t<p><span class=\"wpcf7-form-control-wrap\" data-name=\"your-email\"><input size=\"40\" maxlength=\"400\" class=\"wpcf7-form-control wpcf7-email wpcf7-validates-as-required wpcf7-text wpcf7-validates-as-email\" aria-required=\"true\" aria-invalid=\"false\" placeholder=\"Adresa E-po\u0161te *\" value=\"\" type=\"email\" name=\"your-email\" \/><\/span>\n\t\t\t<\/p>\n\t\t<\/div>\n\t<\/div>\n\t<div class=\"bt_bb_cf7_row\">\n\t\t<div class=\"bt_bb_cf7_element\">\n\t\t\t<p><span class=\"wpcf7-form-control-wrap\" data-name=\"discussion\"><select class=\"wpcf7-form-control wpcf7-select\" aria-invalid=\"false\" name=\"discussion\"><option value=\"Ce a\u021bi dori s\u0103 discutam?\">O \u010demu biste \u017eeleli da razgovarate?<\/option><option value=\"Informatii produse\">Informacije o proizvodu<\/option><option value=\"Cere oferta\">Pitajte za ponudu<\/option><option value=\"Distribuitor local\">Lokalni distributer<\/option><\/select><\/span>\n\t\t\t<\/p>\n\t\t<\/div>\n\t<\/div>\n\t<div class=\"bt_bb_cf7_row\">\n\t\t<div class=\"bt_bb_cf7_element\">\n\t\t\t<p><span class=\"wpcf7-form-control-wrap\" data-name=\"your-message\"><textarea cols=\"40\" rows=\"6\" maxlength=\"2000\" class=\"wpcf7-form-control wpcf7-textarea wpcf7-validates-as-required\" aria-required=\"true\" aria-invalid=\"false\" placeholder=\"Va\u0161a poruka. *\" name=\"your-message\"><\/textarea><\/span>\n\t\t\t<\/p>\n\t\t<\/div>\n\t<\/div>\n\t<div class=\"bt_bb_cf7_row\">\n\t\t<div class=\"bt_bb_cf7_button bt_bb_cf7_element\">\n\t\t\t<p><input class=\"wpcf7-form-control wpcf7-submit has-spinner\" type=\"submit\" value=\"\u0160aljem poruku\" \/>\n\t\t\t<\/p>\n\t\t<\/div>\n\t<\/div>\n<\/div><div class=\"wpcf7-response-output\" aria-hidden=\"true\"><\/div>\n<input type=\"hidden\" name=\"trp-form-language\" value=\"sr\"\/><\/form>\n<\/div>\n<\/div><div class=\"bt_bb_separator bt_bb_border_style_none bt_bb_bottom_spacing_normal\" data-bt-override-class=\"null\"><\/div><\/div><\/div><div  class=\"bt_bb_column col-xl-6 bt_bb_align_left bt_bb_vertical_align_middle bt_bb_animation_fade_in animate bt_bb_padding_normal bt_bb_mobile_align_to_both_edges\" style=\"padding-left: 0; padding-right: 0; position: relative;\" data-width=\"6\" data-bt-override-class=\"{}\"><div class=\"bt_bb_column_content\"><div class=\"bt_bb_image bt_bb_shape_square bt_bb_target_self bt_bb_align_inherit bt_bb_hover_style_simple bt_bb_content_display_always bt_bb_content_align_middle bt_bb_fill_background_color_full bt_bb_hidden_xs bt_bb_hidden_ms bt_bb_hidden_sm\" style=\"max-width: 142px; position: absolute; left: 0; bottom: 0;\" data-bt-override-class=\"{}\"><span><img loading=\"lazy\" decoding=\"async\" width=\"142\" height=\"142\" src=\"https:\/\/giasxps.ro\/wp-content\/uploads\/2020\/05\/img-white-corner-bottom-left.png\" class=\"attachment-full size-full\" alt=\"https:\/\/giasxps.ro\/wp-content\/uploads\/2020\/05\/img-white-corner-bottom-left.png\" data-full_image_src=\"https:\/\/giasxps.ro\/wp-content\/uploads\/2020\/05\/img-white-corner-bottom-left.png\" \/><\/span><\/div><div class=\"bt_bb_floating_element bt_bb_floating_element_horizontal_position_right bt_bb_floating_element_vertical_position_bottom bt_bb_floating_element_animation_delay_default bt_bb_floating_element_animation_duration_default bt_bb_floating_element_animation_style_ease_out btLazyLoadBackground bt_bb_hidden_xs bt_bb_hidden_ms bt_bb_hidden_sm\" style=\"mix-blend-mode: multiply; margin-bottom: 5em; transform: translateX(50%); z-index: 2;\" data-background_image_src='https:\/\/giasxps.ro\/wp-content\/uploads\/2020\/04\/bgn-gold-stripes-horizontal.png' data-speed=\"1.0\"><div class=\"bt_bb_floating_element_html\" data-speed=\"1.0\"><span  style=\"width: 160px; height: 160px; background-repeat: repeat; background-size: 32.5%; transform: rotate(-45deg);background-image:url(&#039;https:\/\/giasxps.ro\/wp-content\/uploads\/2020\/04\/bgn-gold-stripes-horizontal.png&#039;);\"><\/span><\/div><\/div><div class=\"bt_bb_raw_content\"><div style=\"-webkit-filter: grayscale(100%);filter: grayscale(100%);\">\n<iframe src=\"https:\/\/www.google.com\/maps\/embed?pb=!1m18!1m12!1m3!1d11713.615458950124!2d26.188333211457213!3d44.51437446921929!2m3!1f0!2f0!3f0!3m2!1i1024!2i768!4f13.1!3m3!1m2!1s0x40b1f7ed749190f9%3A0xdc7ddfcb1beeae31!2sBriotherm%20XPS!5e0!3m2!1sro!2sro!4v1642412946215!5m2!1sro!2sro\" width=\"100%\" height=\"700\" style=\"border:0;\" allowfullscreen=\"\" loading=\"lazy\"><\/iframe>\n<\/div><\/div><\/div><\/div><\/div><\/div><\/div><!-- cell_inner --><\/div><!-- cell --><\/div><!-- port --><\/section><\/p>","protected":false},"excerpt":{"rendered":"<p>Stojimo Vam na raspolaganju sa informacijama koje su Vam potrebne. Koristite kontakt podatke koje pru\u017eamo u ovom odeljku, koji odgovaraju vrsti informacija koje su vam potrebne. Dobro pripremljen tim c\u0301e vam odgovoriti u najkrac\u0301em moguc\u0301em roku!<\/p>","protected":false},"author":9,"featured_media":4509,"parent":0,"menu_order":0,"comment_status":"closed","ping_status":"closed","template":"","meta":{"_monsterinsights_skip_tracking":false,"_monsterinsights_sitenote_active":false,"_monsterinsights_sitenote_note":"","_monsterinsights_sitenote_category":0,"_uf_show_specific_survey":0,"_uf_disable_surveys":false,"footnotes":""},"class_list":["post-1601","page","type-page","status-publish","has-post-thumbnail","hentry"],"aioseo_notices":[],"_links":{"self":[{"href":"https:\/\/giasxps.ro\/sr\/wp-json\/wp\/v2\/pages\/1601","targetHints":{"allow":["GET"]}}],"collection":[{"href":"https:\/\/giasxps.ro\/sr\/wp-json\/wp\/v2\/pages"}],"about":[{"href":"https:\/\/giasxps.ro\/sr\/wp-json\/wp\/v2\/types\/page"}],"author":[{"embeddable":true,"href":"https:\/\/giasxps.ro\/sr\/wp-json\/wp\/v2\/users\/9"}],"replies":[{"embeddable":true,"href":"https:\/\/giasxps.ro\/sr\/wp-json\/wp\/v2\/comments?post=1601"}],"version-history":[{"count":0,"href":"https:\/\/giasxps.ro\/sr\/wp-json\/wp\/v2\/pages\/1601\/revisions"}],"wp:featuredmedia":[{"embeddable":true,"href":"https:\/\/giasxps.ro\/sr\/wp-json\/wp\/v2\/media\/4509"}],"wp:attachment":[{"href":"https:\/\/giasxps.ro\/sr\/wp-json\/wp\/v2\/media?parent=1601"}],"curies":[{"name":"wp","href":"https:\/\/api.w.org\/{rel}","templated":true}]}}